{"id":5944,"date":"2021-01-28T09:07:10","date_gmt":"2021-01-28T08:07:10","guid":{"rendered":"http:\/\/www.standartdisplay.com\/?page_id=5944"},"modified":"2021-01-28T09:20:45","modified_gmt":"2021-01-28T08:20:45","slug":"politique-de-qualite","status":"publish","type":"page","link":"https:\/\/standartgraphic.com\/fr\/politique-de-qualite\/","title":{"rendered":"POLITIQUE DE QUALIT\u00c9"},"content":{"rendered":"\r\n<p>STAND ART DISPLAY, S.L., nous sommes une entreprise sp\u00e9cialis\u00e9e dans la conception et la fabrication de pr\u00e9sentoirs  et de points de vente.<\/p>\r\n\r\n\r\n\r\n<p>L&#8217;\u00e9quipe de Stand Art Display est form\u00e9e par un groupe de professionnels avec un parcours de plus de 40 ans de succ\u00e8s dans le design et la fabrication de mat\u00e9riel PLV.  Notre obligation est de comprendre les besoins du client et les transformer en solutions adapt\u00e9es fonctionnellement et \u00e9conomiquement \u00e0 ses demandes.<\/p>\r\n\r\n\r\n\r\n<p>Notre valeur ajout\u00e9e est la cr\u00e9ativit\u00e9 et l\u2019originalit\u00e9 de l\u2019\u00e9l\u00e9ment PLV pour faire  que le produit du client se d\u00e9marque de la concurrence sur le point de vente, et ainsi atteindre l\u2019objectif final de la marque: augmenter les ventes.<\/p>\r\n\r\n\r\n\r\n<p>Nous disposons des qualifications et des \u00e9quipements n\u00e9cessaires pour r\u00e9aliser ces services et nous travaillons avec des fournisseurs d\u00fbment agr\u00e9\u00e9s, offrant \u00e0 nos clients un service fiable et de haute qualit\u00e9.<\/p>\r\n\r\n\r\n\r\n<p>Notre Politique de Qualit\u00e9 est de r\u00e9pondre aux besoins et attentes de nos clients, conform\u00e9ment aux exigences l\u00e9gales et r\u00e9glementaires applicables. C&#8217;est pourquoi nous avons un Syst\u00e8me de Gestion de la Qualit\u00e9, conforme \u00e0 la norme UNE-EN-ISO 9001: 2015, avec l\u2019objectif de respecter les engagements suivants:<\/p>\r\n\r\n\r\n\r\n<ul>\r\n<li>Comprendre en  tout moment les exigences du client.<\/li>\r\n<li>Respecter les exigences l\u00e9gales et r\u00e9glementaires applicables \u00e0 la n\u00f4tre activit\u00e9.<\/li>\r\n<li>Am\u00e9liorer la qualit\u00e9 de nos services pour atteindre une satisfaction maximale.<\/li>\r\n<li>Am\u00e9liorer de fa\u00e7on continue le syst\u00e8me de gestion de la qualit\u00e9.<\/li>\r\n<li>D\u00e9velopper des programmes de formation continue afin d&#8217;am\u00e9liorer la qualification de nos travailleurs, impliquant ainsi l&#8217;ensemble du personnel dans l&#8217;atteinte des objectifs \u00e9nonc\u00e9s dans ce document.<\/li>\r\n<li>Garantir des conditions de travail s\u00fbres, d\u00e9velopper la formation n\u00e9cessaire du personnel et avoir une ambiance de travail optimale dans l\u2019entreprise.<\/li>\r\n<\/ul>\r\n\r\n\r\n\r\n<p>La Direction supervise la mise en \u0153uvre et la r\u00e9vision de cette politique de qualit\u00e9 et l&#8217;assure pour les clients, les employ\u00e9s et les autres collaborateurs.<\/p>\r\n\r\n\r\n\r\n<p>La politique est maintenue \u00e0 jour gr\u00e2ce \u00e0 des examens p\u00e9riodiques, en tenant compte  des changements des conditions environnementales et les informations re\u00e7ues. En ce sens, la direction fournit et fournira de tous les moyens humains, techniques et \u00e9conomiques n\u00e9cessaires pour r\u00e9pondre aux exigences du syst\u00e8me de qualit\u00e9 de l&#8217;entreprise.<\/p>\r\n","protected":false},"excerpt":{"rendered":"<p>STAND ART DISPLAY, S.L., nous sommes une entreprise sp\u00e9cialis\u00e9e dans la conception et la fabrication de pr\u00e9sentoirs et de points de vente. L&#8217;\u00e9quipe de Stand Art Display est form\u00e9e par un groupe de professionnels avec un parcours de plus de 40 ans de succ\u00e8s dans le design et la fabrication [&hellip;]<\/p>\n","protected":false},"author":1,"featured_media":0,"parent":0,"menu_order":0,"comment_status":"closed","ping_status":"closed","template":"","meta":{"footnotes":""},"_links":{"self":[{"href":"https:\/\/standartgraphic.com\/fr\/wp-json\/wp\/v2\/pages\/5944\/"}],"collection":[{"href":"https:\/\/standartgraphic.com\/fr\/wp-json\/wp\/v2\/pages\/"}],"about":[{"href":"https:\/\/standartgraphic.com\/fr\/wp-json\/wp\/v2\/types\/page\/"}],"author":[{"embeddable":true,"href":"https:\/\/standartgraphic.com\/fr\/wp-json\/wp\/v2\/users\/1\/"}],"replies":[{"embeddable":true,"href":"https:\/\/standartgraphic.com\/fr\/wp-json\/wp\/v2\/comments\/?post=5944"}],"version-history":[{"count":4,"href":"https:\/\/standartgraphic.com\/fr\/wp-json\/wp\/v2\/pages\/5944\/revisions\/"}],"predecessor-version":[{"id":5954,"href":"https:\/\/standartgraphic.com\/fr\/wp-json\/wp\/v2\/pages\/5944\/revisions\/5954\/"}],"wp:attachment":[{"href":"https:\/\/standartgraphic.com\/fr\/wp-json\/wp\/v2\/media\/?parent=5944"}],"curies":[{"name":"wp","href":"https:\/\/api.w.org\/{rel}","templated":true}]}}