{"id":5009,"date":"2015-10-06T13:06:45","date_gmt":"2015-10-06T13:06:45","guid":{"rendered":"http:\/\/www.standartdisplay.com\/fr\/qui-som\/"},"modified":"2022-09-06T12:25:40","modified_gmt":"2022-09-06T10:25:40","slug":"qui-sommes-nous","status":"publish","type":"page","link":"https:\/\/standartgraphic.com\/fr\/qui-sommes-nous\/","title":{"rendered":"Qui sommes-nous"},"content":{"rendered":"<div class=\"wpb-content-wrapper\"><p>[vc_row][vc_column width=&#8221;1\/2&#8243;][vc_column_text]<\/p>\n<h2>Qui sommes-nous?<\/h2>\n<p>L\u2019\u00e9quipe de <strong>Stand Art Display <\/strong>est form\u00e9e par un groupe de professionnels avec un grand parcours de succ\u00e8s de plus de 40 ans dans le dessin et la fabrication de mat\u00e9riel PLV.[\/vc_column_text][vc_tta_tabs][vc_tta_section title=&#8221;Entreprise&#8221; tab_id=&#8221;1458223180445-25f46d23-e9e0&#8243;][vc_column_text]Confiez-nous vos projets, notre \u00e9quipe technique et commerciale sera le responsable de\u00a0 recevoir et transmettre \u00e0 partir du briefing vos besoins \u00e0 notre <strong>d\u00e9partement de dessin<\/strong> pour vous offrir des solutions qui puissent s\u2019adapter \u00e0 la fonctionnalit\u00e9 et aux co\u00fbts que vous demandez.<br \/>\nNous n\u2019oublions pas notre valeur ajout\u00e9e, la cr\u00e9ativit\u00e9 et l\u2019originalit\u00e9 de l\u2019\u00e9l\u00e9ment PLV pour faire que votre produit brille devant la concurrence dans le Point de Vente et qu\u2019ensemble on puisse r\u00e9ussir \u00e0 notre but final: <strong>augmenter vos ventes<\/strong>.[\/vc_column_text][\/vc_tta_section][vc_tta_section title=&#8221;Dessin&#8221; tab_id=&#8221;1458223180515-20896b0d-c470&#8243;][vc_column_text]<strong>Pour <strong>Stand Art Display <\/strong>chaque projet est un nouveau d\u00e9fi professionnel <\/strong>qui exige \u00e9tudier les besoins propos\u00e9s pour notre client et choisir les mat\u00e9riaux qu\u2019avec un dessin attractif et fonctionnel nous permettront d\u2019obtenir le r\u00e9sultat que vous avez imagin\u00e9.[\/vc_column_text][\/vc_tta_section][vc_tta_section title=&#8221;Production&#8221; tab_id=&#8221;1458223245960-25825e67-f905&#8243;][vc_column_text]<em>En partant toujours du prototype approuv\u00e9 par le client et une fois \u00e9valu\u00e9s tous les aspects fonctionnels et de dessin, la production en s\u00e9rie commence. Le contr\u00f4le de qualit\u00e9 dans tous les points de contr\u00f4le pr\u00e9fix\u00e9s par notre d\u00e9partement de production sera de priorit\u00e9 maximale pour obtenir un produit final excellent dans les d\u00e9lais accord\u00e9s.<\/em><\/p>\n<p><em><br \/>\nActuellement <strong>Stand Art Display <\/strong>est en train d\u2019obtenir les certificats de gestion de qualit\u00e9 ISO 9001.<\/em>[\/vc_column_text][\/vc_tta_section][vc_tta_section title=&#8221;Distribution&#8221; tab_id=&#8221;1458223286695-4214f8b1-183a&#8221;][vc_column_text]\u00c0 <strong>Stand Art Display<\/strong> nous sommes conscients de l\u2019importance de la valeur ajout\u00e9e<\/p>\n<p>C\u2019est pour \u00e7a que gr\u00e2ce \u00e0 une \u00e9quipe de collaborateurs nous sommes capables de faire la distribution nationale et internationale des productions de nos clients, et si n\u00e9cessaire, en faire aussi le montage et l\u2019implantation dans le Point de Vente.[\/vc_column_text][\/vc_tta_section][\/vc_tta_tabs][\/vc_column][vc_column width=&#8221;1\/2&#8243;][vc_single_image image=&#8221;3790&#8243;][\/vc_column][\/vc_row][vc_row el_id=&#8221;fila&#8221;][vc_column width=&#8221;1\/3&#8243;][vc_single_image image=&#8221;6309&#8243; img_size=&#8221;medium&#8221; onclick=&#8221;custom_link&#8221; link=&#8221;https:\/\/standartgraphic.com\/wp-content\/uploads\/2021\/01\/CertificadoFSC_AEN-COC-000308_2020-07-28-1.pdf&#8221;][\/vc_column][vc_column width=&#8221;1\/3&#8243;][vc_single_image image=&#8221;5925&#8243; img_size=&#8221;medium&#8221; onclick=&#8221;custom_link&#8221; link=&#8221;https:\/\/standartgraphic.com\/fr\/politique-de-qualite\/&#8221;][\/vc_column][vc_column width=&#8221;1\/3&#8243;][vc_single_image image=&#8221;6313&#8243; img_size=&#8221;medium&#8221; onclick=&#8221;custom_link&#8221; img_link_target=&#8221;_blank&#8221; link=&#8221;https:\/\/standartgraphic.com\/wp-content\/uploads\/2021\/02\/CERTIF-ISO-9001.jpg&#8221;][\/vc_column][\/vc_row][vc_row color_scheme=&#8221;white&#8221; bg_predefined_color=&#8221;accent3&#8243;][vc_column]<div class=\"vntd-cta vntd-cta-style- vntd-cta-color-dark vntd-bg-color-none\"><div class=\"inner\"><div class=\"inner-margin\"><div class=\"cta-left col-xs-8\"><h1 class=\"cta-title\">Confiez-nous vos projets<\/h1><\/div><div class=\"cta-right col-xs-4\"><\/div><\/div><\/div><\/div>[\/vc_column][\/vc_row][vc_row bg_predefined_color=&#8221;accent4&#8243; css=&#8221;.vc_custom_1450008590442{padding-top: 80px !important;padding-bottom: 80px !important;}&#8221;][vc_column]<div class=\"vntd-special-heading special-heading-align-center\" style=\"margin-bottom:40px;\"><h1 class=\" animated\"  data-animation=\"fadeIn\" data-animation-delay=\"100\">Comment travaillons-nous?<\/h1><\/div>[vc_row_inner css=&#8221;.vc_custom_1444223522072{margin-bottom: 5px !important;}&#8221;][vc_column_inner width=&#8221;1\/4&#8243;]<div class=\"vntd-icon-box icon-box-big-centered-icon animated box icon-box-hover\" data-animation=\"fadeIn\" data-animation-delay=\"100\"><div class=\"icon-box-icon\"><i class=\"fa fa-bolt\"><\/i><\/div><div class=\"icon-box-content\"><h3 class=\"icon-box-title\">Briefing<\/h3><p class=\"icon-description\">Le concept<\/p><\/div><\/div>[\/vc_column_inner][vc_column_inner width=&#8221;1\/4&#8243;]<div class=\"vntd-icon-box icon-box-big-centered-icon animated box icon-box-hover\" data-animation=\"fadeIn\" data-animation-delay=\"100\"><div class=\"icon-box-icon\"><i class=\"fa fa-pencil\"><\/i><\/div><div class=\"icon-box-content\"><h3 class=\"icon-box-title\">Dessin<\/h3><p class=\"icon-description\">L'id\u00e9e<\/p><\/div><\/div>[\/vc_column_inner][vc_column_inner width=&#8221;1\/4&#8243;]<div class=\"vntd-icon-box icon-box-big-centered-icon animated box icon-box-hover\" data-animation=\"fadeIn\" data-animation-delay=\"100\"><div class=\"icon-box-icon\"><i class=\"fa fa-cogs\"><\/i><\/div><div class=\"icon-box-content\"><h3 class=\"icon-box-title\">Production<\/h3><p class=\"icon-description\">La r\u00e9alit\u00e9<\/p><\/div><\/div>[\/vc_column_inner][vc_column_inner width=&#8221;1\/4&#8243;]<div class=\"vntd-icon-box icon-box-big-centered-icon animated box icon-box-hover\" data-animation=\"fadeIn\" data-animation-delay=\"100\"><div class=\"icon-box-icon\"><i class=\"fa fa-check\"><\/i><\/div><div class=\"icon-box-content\"><h3 class=\"icon-box-title\">Distribution<\/h3><p class=\"icon-description\"><\/p><\/div><\/div>[\/vc_column_inner][\/vc_row_inner][\/vc_column][\/vc_row][vc_row][vc_column]<div class=\"vntd-cta vntd-cta-style- vntd-cta-color-dark vntd-bg-color-none cta-with-subtitle\"><div class=\"inner\"><div class=\"inner-margin\"><div class=\"cta-left col-xs-8\"><h1 class=\"cta-title\"><span class=\"heading-highlight color-accent\">Pour<\/span> recevoir plus informations<\/h1><p class=\"cta-subtitle\">Contactez-nous<\/p><\/div><div class=\"cta-right col-xs-4\"><a href=\"https:\/\/standartgraphic.com\/fr\/contact\/\" class=\"cta-button btn-style-default cta-button1 btn btn-larger btn-accent2\">CONTACT<\/a><\/div><\/div><\/div><\/div>[\/vc_column][\/vc_row]<\/p>\n<\/div>","protected":false},"excerpt":{"rendered":"<p>[vc_row][vc_column width=&#8221;1\/2&#8243;][vc_column_text] Qui sommes-nous? L\u2019\u00e9quipe de Stand Art Display est form\u00e9e par un groupe de professionnels avec un grand parcours de succ\u00e8s de plus de 40 ans dans le dessin et la fabrication de mat\u00e9riel PLV.[\/vc_column_text][vc_tta_tabs][vc_tta_section title=&#8221;Entreprise&#8221; tab_id=&#8221;1458223180445-25f46d23-e9e0&#8243;][vc_column_text]Confiez-nous vos projets, notre \u00e9quipe technique et commerciale sera le responsable de\u00a0 recevoir [&hellip;]<\/p>\n","protected":false},"author":1,"featured_media":0,"parent":0,"menu_order":0,"comment_status":"closed","ping_status":"closed","template":"","meta":{"footnotes":""},"_links":{"self":[{"href":"https:\/\/standartgraphic.com\/fr\/wp-json\/wp\/v2\/pages\/5009\/"}],"collection":[{"href":"https:\/\/standartgraphic.com\/fr\/wp-json\/wp\/v2\/pages\/"}],"about":[{"href":"https:\/\/standartgraphic.com\/fr\/wp-json\/wp\/v2\/types\/page\/"}],"author":[{"embeddable":true,"href":"https:\/\/standartgraphic.com\/fr\/wp-json\/wp\/v2\/users\/1\/"}],"replies":[{"embeddable":true,"href":"https:\/\/standartgraphic.com\/fr\/wp-json\/wp\/v2\/comments\/?post=5009"}],"version-history":[{"count":12,"href":"https:\/\/standartgraphic.com\/fr\/wp-json\/wp\/v2\/pages\/5009\/revisions\/"}],"predecessor-version":[{"id":6320,"href":"https:\/\/standartgraphic.com\/fr\/wp-json\/wp\/v2\/pages\/5009\/revisions\/6320\/"}],"wp:attachment":[{"href":"https:\/\/standartgraphic.com\/fr\/wp-json\/wp\/v2\/media\/?parent=5009"}],"curies":[{"name":"wp","href":"https:\/\/api.w.org\/{rel}","templated":true}]}}