{"id":5001,"date":"2015-10-31T13:40:21","date_gmt":"2015-10-31T13:40:21","guid":{"rendered":"http:\/\/www.standartdisplay.com\/fr\/uevs\/"},"modified":"2024-05-20T12:30:18","modified_gmt":"2024-05-20T10:30:18","slug":"uevs","status":"publish","type":"page","link":"https:\/\/standartgraphic.com\/fr\/","title":{"rendered":"Accueil"},"content":{"rendered":"<div class=\"wpb-content-wrapper\"><p>[vc_row full_width=&#8221;stretch_row_content_no_spaces&#8221; color_scheme=&#8221;white&#8221; video_autoplay=&#8221;true&#8221; video_controls=&#8221;true&#8221; video_mute=&#8221;true&#8221; css=&#8221;.vc_custom_1663258113102{margin-bottom: 60px !important;border-bottom-width: 0px !important;background-color: #363636 !important;}&#8221;][vc_column][vc_raw_html]JTVCc21hcnRzbGlkZXIzJTIwc2xpZGVyJTNEJTIyNCUyMiU1RA==[\/vc_raw_html][\/vc_column][\/vc_row][vc_row video_autoplay=&#8221;true&#8221; video_controls=&#8221;true&#8221; video_mute=&#8221;true&#8221; el_id=&#8221;second&#8221; css=&#8221;.vc_custom_1450008122198{padding-top: 35px !important;padding-bottom: 35px !important;}&#8221;][vc_column][vc_row_inner css=&#8221;.vc_custom_1427402977108{margin-bottom: 30px !important;}&#8221;][vc_column_inner width=&#8221;1\/4&#8243;]<div class=\"vntd-icon-box icon-box-big-centered animated box icon-box-with-link icon-box-hover\" data-animation=\"fadeIn\" data-animation-delay=\"100\"><a href=\"https:\/\/standartgraphic.com\/fr\/produits\/\"><div class=\"icon-box-icon\"><i class=\"fa fa-asterisk\"><\/i><\/div><div class=\"icon-box-content\"><h3 class=\"icon-box-title\">Produits<\/h3><p class=\"icon-description\"><\/p><\/div><\/a><\/div>[\/vc_column_inner][vc_column_inner width=&#8221;1\/4&#8243;]<div class=\"vntd-icon-box icon-box-big-centered animated box icon-box-with-link icon-box-hover\" data-animation=\"fadeIn\" data-animation-delay=\"300\"><a href=\"https:\/\/standartgraphic.com\/fr\/shop-in-shop\/\"><div class=\"icon-box-icon\"><i class=\"fa fa-shopping-bag\"><\/i><\/div><div class=\"icon-box-content\"><h3 class=\"icon-box-title\">Shop in Shop<\/h3><p class=\"icon-description\"><\/p><\/div><\/a><\/div>[\/vc_column_inner][vc_column_inner width=&#8221;1\/4&#8243;]<div class=\"vntd-icon-box icon-box-big-centered animated box icon-box-with-link icon-box-hover\" data-animation=\"fadeIn\" data-animation-delay=\"700\"><a href=\"https:\/\/standartgraphic.com\/fr\/actualites\/\"><div class=\"icon-box-icon\"><i class=\"fa fa-newspaper-o\"><\/i><\/div><div class=\"icon-box-content\"><h3 class=\"icon-box-title\">Nouvelles<\/h3><p class=\"icon-description\"><\/p><\/div><\/a><\/div>[\/vc_column_inner][vc_column_inner width=&#8221;1\/4&#8243;]<div class=\"vntd-icon-box icon-box-big-centered animated box icon-box-with-link icon-box-hover\" data-animation=\"fadeIn\" data-animation-delay=\"700\"><a href=\"https:\/\/standartgraphic.com\/fr\/contact\/\"><div class=\"icon-box-icon\"><i class=\"fa fa-comments-o\"><\/i><\/div><div class=\"icon-box-content\"><h3 class=\"icon-box-title\">Contact<\/h3><p class=\"icon-description\"><\/p><\/div><\/a><\/div>[\/vc_column_inner][\/vc_row_inner][\/vc_column][\/vc_row][vc_row][vc_column]<div class=\"vntd-special-heading special-heading-align-center\"><h1 class=\" animated\"  data-animation=\"fadeIn\" data-animation-delay=\"100\">Nouveau<\/h1><\/div><div class=\"vntd-carousel-holder\"><div class=\"vntd-portfolio-carousel carousel-gallery vntd-carousel portfolio-style portfolio-simple portfolio-title_category carousel-nav-false nav-position-top_right\" data-cols=\"3\" data-autoplay=\"true\" data-autoplay-timeout=\"7000\" data-margin=\"0\" data-dots=\"true\" data-nav=\"false\">\t\t\n\t\t<!-- Item -->\n\t\t<div class=\"item carousel-item\">\n\t\t\t\n\t\t\t<div class=\"item-inner\">\n\t\t\t\n\t\t\t\t<a href=\"https:\/\/standartgraphic.com\/fr\/portfolio\/isla-bacho\/\" class=\"work-image cbp-portfolio-lightbox\">\n\n\t\t\t\t\t<img decoding=\"async\" src=\"https:\/\/standartgraphic.com\/wp-content\/uploads\/2024\/05\/bacho-min-450x340.jpg\" alt=\"Bacho\">\n\n\t\t\t\t\t<div class=\"portfolio-item-overlay\">\n\t\t\t\t\t\t\n\t\t\t\t\t\t\t\t\t\t\t\t<div class=\"portfolio-overlay-icons\">\n\t\t\t\t\t\t\t<span class=\"overlay-icon overlay-icon-link\" href=\"https:\/\/standartgraphic.com\/fr\/portfolio\/isla-bacho\/\"><i class=\"fa fa-link\"><\/i><\/span>\n\t\t\t\t\t\t\t<span class=\"overlay-icon overlay-icon-zoom carousel-lightbox\" href=\"https:\/\/standartgraphic.com\/wp-content\/uploads\/2024\/05\/bacho-min.jpg\"><i class=\"fa fa-search\"><\/i><\/span>\n\t\t\t\t\t\t<\/div>\n\t\t\t\t\t\t\t\t\t\t\t\t\n\t\t\t\t\t\t<h3 class=\"portfolio-overlay-title\">\n\t\t\t\t\t\t\tBacho\t\t\t\t\t\t<\/h3>\n\t\t\t\t\t\t\n\t\t\t\t\t\t<div class=\"portfolio-overlay-cats\">Industrial, Industrielle<\/div>\n\t\t\t\t\t\t\t\t\t\t\t<\/div>\n\n\t\t\t\t<\/a>\n\n\t\t\t<\/div>\n\t\t\t\n\t\t\t\t\t\t<div class=\"item-outer\">\n\t\t\t\t<h3 class=\"portfolio-outer-title\">\n\t\t\t\t\t<a href=\"https:\/\/standartgraphic.com\/fr\/portfolio\/isla-bacho\/\" class=\"portfolio-outer-link cbp-portfolio-lightbox\">Bacho<\/a>\n\t\t\t\t<\/h3>\n\t\t\t\t<div class=\"portfolio-outer-cats\">Industrial, Industrielle<\/div>\n\t\t\t\t<div class=\"portfolio-love-button\"><a href=\"#\" class=\"jm-post-like\" data-post_id=\"6603\" title=\"Like\"><i class=\"fa fa-heart-o\"><\/i><span>Like<\/span><\/a><\/div>\t\t\t<\/div>\n\t\t\t\t\t\t\n\t\t<\/div>\n\t\t<!-- End Item -->\n\t\n\t\t\t\n\t\t<!-- Item -->\n\t\t<div class=\"item carousel-item\">\n\t\t\t\n\t\t\t<div class=\"item-inner\">\n\t\t\t\n\t\t\t\t<a href=\"https:\/\/standartgraphic.com\/fr\/portfolio\/astral-pool\/\" class=\"work-image cbp-portfolio-lightbox\">\n\n\t\t\t\t\t<img decoding=\"async\" src=\"https:\/\/standartgraphic.com\/wp-content\/uploads\/2024\/05\/fluidra-min-450x340.jpg\" alt=\"Astral Pool\">\n\n\t\t\t\t\t<div class=\"portfolio-item-overlay\">\n\t\t\t\t\t\t\n\t\t\t\t\t\t\t\t\t\t\t\t<div class=\"portfolio-overlay-icons\">\n\t\t\t\t\t\t\t<span class=\"overlay-icon overlay-icon-link\" href=\"https:\/\/standartgraphic.com\/fr\/portfolio\/astral-pool\/\"><i class=\"fa fa-link\"><\/i><\/span>\n\t\t\t\t\t\t\t<span class=\"overlay-icon overlay-icon-zoom carousel-lightbox\" href=\"https:\/\/standartgraphic.com\/wp-content\/uploads\/2024\/05\/fluidra-min.jpg\"><i class=\"fa fa-search\"><\/i><\/span>\n\t\t\t\t\t\t<\/div>\n\t\t\t\t\t\t\t\t\t\t\t\t\n\t\t\t\t\t\t<h3 class=\"portfolio-overlay-title\">\n\t\t\t\t\t\t\tAstral Pool\t\t\t\t\t\t<\/h3>\n\t\t\t\t\t\t\n\t\t\t\t\t\t<div class=\"portfolio-overlay-cats\">\u00c9lectrodomestiques, Electr\u00f3nica, \u00c9lectronique, Industrial, Industrielle<\/div>\n\t\t\t\t\t\t\t\t\t\t\t<\/div>\n\n\t\t\t\t<\/a>\n\n\t\t\t<\/div>\n\t\t\t\n\t\t\t\t\t\t<div class=\"item-outer\">\n\t\t\t\t<h3 class=\"portfolio-outer-title\">\n\t\t\t\t\t<a href=\"https:\/\/standartgraphic.com\/fr\/portfolio\/astral-pool\/\" class=\"portfolio-outer-link cbp-portfolio-lightbox\">Astral Pool<\/a>\n\t\t\t\t<\/h3>\n\t\t\t\t<div class=\"portfolio-outer-cats\">\u00c9lectrodomestiques, Electr\u00f3nica, \u00c9lectronique, Industrial, Industrielle<\/div>\n\t\t\t\t<div class=\"portfolio-love-button\"><a href=\"#\" class=\"jm-post-like\" data-post_id=\"6599\" title=\"Like\"><i class=\"fa fa-heart-o\"><\/i><span>Like<\/span><\/a><\/div>\t\t\t<\/div>\n\t\t\t\t\t\t\n\t\t<\/div>\n\t\t<!-- End Item -->\n\t\n\t\t\t\n\t\t<!-- Item -->\n\t\t<div class=\"item carousel-item\">\n\t\t\t\n\t\t\t<div class=\"item-inner\">\n\t\t\t\n\t\t\t\t<a href=\"https:\/\/standartgraphic.com\/fr\/portfolio\/floorstand-grohe\/\" class=\"work-image cbp-portfolio-lightbox\">\n\n\t\t\t\t\t<img decoding=\"async\" src=\"https:\/\/standartgraphic.com\/wp-content\/uploads\/2024\/05\/Grohe-FS-min-450x340.jpg\" alt=\"Grohe\">\n\n\t\t\t\t\t<div class=\"portfolio-item-overlay\">\n\t\t\t\t\t\t\n\t\t\t\t\t\t\t\t\t\t\t\t<div class=\"portfolio-overlay-icons\">\n\t\t\t\t\t\t\t<span class=\"overlay-icon overlay-icon-link\" href=\"https:\/\/standartgraphic.com\/fr\/portfolio\/floorstand-grohe\/\"><i class=\"fa fa-link\"><\/i><\/span>\n\t\t\t\t\t\t\t<span class=\"overlay-icon overlay-icon-zoom carousel-lightbox\" href=\"https:\/\/standartgraphic.com\/wp-content\/uploads\/2024\/05\/Grohe-FS-min.jpg\"><i class=\"fa fa-search\"><\/i><\/span>\n\t\t\t\t\t\t<\/div>\n\t\t\t\t\t\t\t\t\t\t\t\t\n\t\t\t\t\t\t<h3 class=\"portfolio-overlay-title\">\n\t\t\t\t\t\t\tGrohe\t\t\t\t\t\t<\/h3>\n\t\t\t\t\t\t\n\t\t\t\t\t\t<div class=\"portfolio-overlay-cats\">\u00c9lectrodomestiques, Industrial, Industrielle<\/div>\n\t\t\t\t\t\t\t\t\t\t\t<\/div>\n\n\t\t\t\t<\/a>\n\n\t\t\t<\/div>\n\t\t\t\n\t\t\t\t\t\t<div class=\"item-outer\">\n\t\t\t\t<h3 class=\"portfolio-outer-title\">\n\t\t\t\t\t<a href=\"https:\/\/standartgraphic.com\/fr\/portfolio\/floorstand-grohe\/\" class=\"portfolio-outer-link cbp-portfolio-lightbox\">Grohe<\/a>\n\t\t\t\t<\/h3>\n\t\t\t\t<div class=\"portfolio-outer-cats\">\u00c9lectrodomestiques, Industrial, Industrielle<\/div>\n\t\t\t\t<div class=\"portfolio-love-button\"><a href=\"#\" class=\"jm-post-like\" data-post_id=\"6595\" title=\"Like\"><i class=\"fa fa-heart-o\"><\/i><span>Like<\/span><\/a><\/div>\t\t\t<\/div>\n\t\t\t\t\t\t\n\t\t<\/div>\n\t\t<!-- End Item -->\n\t\n\t\t\t\n\t\t<!-- Item -->\n\t\t<div class=\"item carousel-item\">\n\t\t\t\n\t\t\t<div class=\"item-inner\">\n\t\t\t\n\t\t\t\t<a href=\"https:\/\/standartgraphic.com\/fr\/portfolio\/mostrador-grohe\/\" class=\"work-image cbp-portfolio-lightbox\">\n\n\t\t\t\t\t<img decoding=\"async\" src=\"https:\/\/standartgraphic.com\/wp-content\/uploads\/2024\/05\/grohe-mostr-min-450x340.jpg\" alt=\"Grohe\">\n\n\t\t\t\t\t<div class=\"portfolio-item-overlay\">\n\t\t\t\t\t\t\n\t\t\t\t\t\t\t\t\t\t\t\t<div class=\"portfolio-overlay-icons\">\n\t\t\t\t\t\t\t<span class=\"overlay-icon overlay-icon-link\" href=\"https:\/\/standartgraphic.com\/fr\/portfolio\/mostrador-grohe\/\"><i class=\"fa fa-link\"><\/i><\/span>\n\t\t\t\t\t\t\t<span class=\"overlay-icon overlay-icon-zoom carousel-lightbox\" href=\"https:\/\/standartgraphic.com\/wp-content\/uploads\/2024\/05\/grohe-mostr-min.jpg\"><i class=\"fa fa-search\"><\/i><\/span>\n\t\t\t\t\t\t<\/div>\n\t\t\t\t\t\t\t\t\t\t\t\t\n\t\t\t\t\t\t<h3 class=\"portfolio-overlay-title\">\n\t\t\t\t\t\t\tGrohe\t\t\t\t\t\t<\/h3>\n\t\t\t\t\t\t\n\t\t\t\t\t\t<div class=\"portfolio-overlay-cats\">\u00c9lectrodomestiques, Industrial, Industrielle<\/div>\n\t\t\t\t\t\t\t\t\t\t\t<\/div>\n\n\t\t\t\t<\/a>\n\n\t\t\t<\/div>\n\t\t\t\n\t\t\t\t\t\t<div class=\"item-outer\">\n\t\t\t\t<h3 class=\"portfolio-outer-title\">\n\t\t\t\t\t<a href=\"https:\/\/standartgraphic.com\/fr\/portfolio\/mostrador-grohe\/\" class=\"portfolio-outer-link cbp-portfolio-lightbox\">Grohe<\/a>\n\t\t\t\t<\/h3>\n\t\t\t\t<div class=\"portfolio-outer-cats\">\u00c9lectrodomestiques, Industrial, Industrielle<\/div>\n\t\t\t\t<div class=\"portfolio-love-button\"><a href=\"#\" class=\"jm-post-like\" data-post_id=\"6591\" title=\"Like\"><i class=\"fa fa-heart-o\"><\/i><span>Like<\/span><\/a><\/div>\t\t\t<\/div>\n\t\t\t\t\t\t\n\t\t<\/div>\n\t\t<!-- End Item -->\n\t\n\t\t\t\n\t\t<!-- Item -->\n\t\t<div class=\"item carousel-item\">\n\t\t\t\n\t\t\t<div class=\"item-inner\">\n\t\t\t\n\t\t\t\t<a href=\"https:\/\/standartgraphic.com\/fr\/portfolio\/hayward\/\" class=\"work-image cbp-portfolio-lightbox\">\n\n\t\t\t\t\t<img decoding=\"async\" src=\"https:\/\/standartgraphic.com\/wp-content\/uploads\/2024\/05\/Hayward-min-450x340.jpg\" alt=\"Hayward\">\n\n\t\t\t\t\t<div class=\"portfolio-item-overlay\">\n\t\t\t\t\t\t\n\t\t\t\t\t\t\t\t\t\t\t\t<div class=\"portfolio-overlay-icons\">\n\t\t\t\t\t\t\t<span class=\"overlay-icon overlay-icon-link\" href=\"https:\/\/standartgraphic.com\/fr\/portfolio\/hayward\/\"><i class=\"fa fa-link\"><\/i><\/span>\n\t\t\t\t\t\t\t<span class=\"overlay-icon overlay-icon-zoom carousel-lightbox\" href=\"https:\/\/standartgraphic.com\/wp-content\/uploads\/2024\/05\/Hayward-min.jpg\"><i class=\"fa fa-search\"><\/i><\/span>\n\t\t\t\t\t\t<\/div>\n\t\t\t\t\t\t\t\t\t\t\t\t\n\t\t\t\t\t\t<h3 class=\"portfolio-overlay-title\">\n\t\t\t\t\t\t\tHayward\t\t\t\t\t\t<\/h3>\n\t\t\t\t\t\t\n\t\t\t\t\t\t<div class=\"portfolio-overlay-cats\">Electrodom\u00e9sticos, \u00c9lectrodomestiques, Industrial, Industrielle<\/div>\n\t\t\t\t\t\t\t\t\t\t\t<\/div>\n\n\t\t\t\t<\/a>\n\n\t\t\t<\/div>\n\t\t\t\n\t\t\t\t\t\t<div class=\"item-outer\">\n\t\t\t\t<h3 class=\"portfolio-outer-title\">\n\t\t\t\t\t<a href=\"https:\/\/standartgraphic.com\/fr\/portfolio\/hayward\/\" class=\"portfolio-outer-link cbp-portfolio-lightbox\">Hayward<\/a>\n\t\t\t\t<\/h3>\n\t\t\t\t<div class=\"portfolio-outer-cats\">Electrodom\u00e9sticos, \u00c9lectrodomestiques, Industrial, Industrielle<\/div>\n\t\t\t\t<div class=\"portfolio-love-button\"><a href=\"#\" class=\"jm-post-like\" data-post_id=\"6587\" title=\"Like\"><i class=\"fa fa-heart-o\"><\/i><span>Like<\/span><\/a><\/div>\t\t\t<\/div>\n\t\t\t\t\t\t\n\t\t<\/div>\n\t\t<!-- End Item -->\n\t\n\t\t\t\n\t\t<!-- Item -->\n\t\t<div class=\"item carousel-item\">\n\t\t\t\n\t\t\t<div class=\"item-inner\">\n\t\t\t\n\t\t\t\t<a href=\"https:\/\/standartgraphic.com\/fr\/portfolio\/mostrador-iroha\/\" class=\"work-image cbp-portfolio-lightbox\">\n\n\t\t\t\t\t<img decoding=\"async\" src=\"https:\/\/standartgraphic.com\/wp-content\/uploads\/2024\/05\/Iroha-min-450x340.jpg\" alt=\"Iroha\">\n\n\t\t\t\t\t<div class=\"portfolio-item-overlay\">\n\t\t\t\t\t\t\n\t\t\t\t\t\t\t\t\t\t\t\t<div class=\"portfolio-overlay-icons\">\n\t\t\t\t\t\t\t<span class=\"overlay-icon overlay-icon-link\" href=\"https:\/\/standartgraphic.com\/fr\/portfolio\/mostrador-iroha\/\"><i class=\"fa fa-link\"><\/i><\/span>\n\t\t\t\t\t\t\t<span class=\"overlay-icon overlay-icon-zoom carousel-lightbox\" href=\"https:\/\/standartgraphic.com\/wp-content\/uploads\/2024\/05\/Iroha-min.jpg\"><i class=\"fa fa-search\"><\/i><\/span>\n\t\t\t\t\t\t<\/div>\n\t\t\t\t\t\t\t\t\t\t\t\t\n\t\t\t\t\t\t<h3 class=\"portfolio-overlay-title\">\n\t\t\t\t\t\t\tIroha\t\t\t\t\t\t<\/h3>\n\t\t\t\t\t\t\n\t\t\t\t\t\t<div class=\"portfolio-overlay-cats\">Cosm\u00e9tica, Cosm\u00e9tiques<\/div>\n\t\t\t\t\t\t\t\t\t\t\t<\/div>\n\n\t\t\t\t<\/a>\n\n\t\t\t<\/div>\n\t\t\t\n\t\t\t\t\t\t<div class=\"item-outer\">\n\t\t\t\t<h3 class=\"portfolio-outer-title\">\n\t\t\t\t\t<a href=\"https:\/\/standartgraphic.com\/fr\/portfolio\/mostrador-iroha\/\" class=\"portfolio-outer-link cbp-portfolio-lightbox\">Iroha<\/a>\n\t\t\t\t<\/h3>\n\t\t\t\t<div class=\"portfolio-outer-cats\">Cosm\u00e9tica, Cosm\u00e9tiques<\/div>\n\t\t\t\t<div class=\"portfolio-love-button\"><a href=\"#\" class=\"jm-post-like\" data-post_id=\"6583\" title=\"Like\"><i class=\"fa fa-heart-o\"><\/i><span>Like<\/span><\/a><\/div>\t\t\t<\/div>\n\t\t\t\t\t\t\n\t\t<\/div>\n\t\t<!-- End Item -->\n\t\n\t<\/div><\/div>[\/vc_column][\/vc_row][vc_row bg_predefined_color=&#8221;accent4&#8243; css=&#8221;.vc_custom_1458202148992{margin-bottom: 0px !important;padding-top: 65px !important;padding-bottom: 0px !important;background-color: #ffffff !important;}&#8221; video_autoplay=&#8221;true&#8221; video_controls=&#8221;true&#8221; video_mute=&#8221;true&#8221;][vc_column width=&#8221;1\/2&#8243; css=&#8221;.vc_custom_1458202100828{background-color: #ffffff !important;}&#8221;][vc_single_image image=&#8221;4363&#8243; css=&#8221;.vc_custom_1464778761782{margin-bottom: 0px !important;}&#8221;][\/vc_column][vc_column width=&#8221;1\/2&#8243; css=&#8221;.vc_custom_1458202124613{padding-top: 70px !important;background-color: #ffffff !important;}&#8221;][vc_column_text]<\/p>\n<h2>Qui sommes-nous?<\/h2>\n<p>[\/vc_column_text][vc_column_text css=&#8221;.vc_custom_1469173431098{background-color: #ffffff !important;}&#8221; font_size=&#8221;p16px&#8221;]L\u2019\u00e9quipe de <strong>Stand Art Display <\/strong>est form\u00e9e par un groupe de professionnels avec un grand parcours de succ\u00e8s de plus de 40 ans dans le dessin et la fabrication de mat\u00e9riel PLV.<\/p>\n<p><strong>Confiez-nous vos projets<\/strong>[\/vc_column_text]<a href=\"https:\/\/standartgraphic.com\/fr\/qui-sommes-nous\/\" class=\"btn btn-style-default btn-accent2 btn-large\" target=\"_self\">Plus<\/a>[\/vc_column][\/vc_row][vc_row][vc_column][vc_empty_space][\/vc_column][\/vc_row][vc_row css=&#8221;.vc_custom_1448805492753{padding-top: 60px !important;padding-bottom: 30px !important;background-color: #fbfaf8 !important;}&#8221; video_autoplay=&#8221;true&#8221; video_controls=&#8221;true&#8221; video_mute=&#8221;true&#8221;][vc_column]<div class=\"vntd-special-heading special-heading-align-center\"><h1 class=\" animated\"  data-animation=\"fadeIn\" data-animation-delay=\"100\">Derni\u00e8res nouvelles<\/h1><\/div><div class=\"vntd-carousel-holder\"><div class=\"vntd-carousel vntd-blog-carousel vntd-blog blog-style-boxed blog-meta-minimal carousel-nav-true nav-position-bottom blog-hover-style-accent carousel-dots-align-center\" data-cols=\"3\" data-autoplay=\"true\" data-margin=\"30\" data-dots=\"false\" data-nav=\"true\">\t\t<div class=\"item\">\n\n\t\t\t<div class=\"blog-item-inner\">\n\t\t\t\t\n\t\t\t\t\t\t\t\t<div class=\"blog-post-thumbnail\">\n\t\t\t\t\t<div class=\"member-image-holder\">\n\t\t\t\t\t\t\t\n\t<div class=\"blog-extra-meta\">\n\t\t<div class=\"extra-meta-item extra-meta-date\">\n\t\t\t<span class=\"vntd-day\">30<\/span><span class=\"vntd-month\">Jan<\/span>\t\t<\/div>\n\t<\/div>\n\t\n\t\t\t\t\t\t\t<a href=\"https:\/\/standartgraphic.com\/fr\/nous-revenons-au-hall-dexposition-mvp-2020-paris\/\">\n\t\t\t\t\t\t<img decoding=\"async\" src=\"https:\/\/standartgraphic.com\/wp-content\/uploads\/2018\/03\/Pave-web-MPV2020-FR-MOD.jpg\" alt=\"Nous revenons au hall d&#8217;exposition MVP 2020 Paris!\">\n\t\t\t\t\t\t<div class=\"carousel-post-overlay\">\n\t\t\t\t\t\t\t<div class=\"fa fa-search\"><\/div>\n\t\t\t\t\t\t<\/div>\n\t\t\t\t\t\t<\/a>\n\t\t\t\t\t\t\n\t\t\t\t\t<\/div>\n\t\t\t\t<\/div>\n\t\t\t\t\n\t\t\t\t<div class=\"blog-post-details\">\n\t\t\t\t\n\t\t\t\t\t<div class=\"blog-post-details-inner\">\n\t\t\t\t\t\t\t\t\t\t\t\t<h5 class=\"blog-post-title\">\n\t\t\t\t\t\t\t<a href=\"https:\/\/standartgraphic.com\/fr\/nous-revenons-au-hall-dexposition-mvp-2020-paris\/\">\n\t\t\t\t\t\t\tNous revenons au hall d&#8217;exposition MVP 2020 Paris!\t\t\t\t\t\t\t<\/a>\n\t\t\t\t\t\t<\/h5>\n\t\t\t\t\t\t\n\t\t\t\t\t\t\t<div class=\"vntd-meta-section classic-meta-section\">\n\t\t<span class=\"vntd-meta-author\">\n\t\t\tBy: \n\t\t\t<a href=\"\">\n\t\t\t\tstandart\t\t\t<\/a>\n\t\t<\/span>\n\t\t<span class=\"vntd-meta-date\">\n\t\t\tOn: \n\t\t\t<span class=\"meta-value\">janvier 30, 2020<\/span>\n\t\t<\/span>\n\t\t<span class=\"vntd-meta-categories\">\n\t\t\tIn:\n\t\t\t<a href=\"https:\/\/standartgraphic.com\/fr\/category\/non-classifiee\/\" rel=\"category tag\">Non classifi\u00e9(e)<\/a>\t\t<\/span>\t\n\t\t<span class=\"vntd-meta-comments\">\n\t\t\tComments:\n\t\t\t<a href=\"https:\/\/standartgraphic.com\/fr\/nous-revenons-au-hall-dexposition-mvp-2020-paris\/#comments\" title=\"View comments\">0<\/a>\n\t\t<\/span>\n\t\t\n\t<\/div> \n\t\t\t\t\t\n\t\t\t\t\t\t<div class=\"details\">\n\t\t\t\t\t\t\t<p>Nous avons le plaisir de vous annoncer notre deuxi\u00e8me participation au salon MVP POPAI 2020 a...<\/p><a href=\"https:\/\/standartgraphic.com\/fr\/nous-revenons-au-hall-dexposition-mvp-2020-paris\/\" class=\"read-more-post\">Read more<\/a>\t\t\n\t\t\t\t\t\t<\/div>\n\t\t\t\t\t\t\n\t\t\t\t\t<\/div>\n\t\t\t\t<\/div>\n\t\t\t<\/div>\n\t\t<\/div>\t\n\t\t\t\t\t\t\t\n\t\t<\/div><\/div>[\/vc_column][\/vc_row]<\/p>\n<\/div>","protected":false},"excerpt":{"rendered":"<p>[vc_row full_width=&#8221;stretch_row_content_no_spaces&#8221; color_scheme=&#8221;white&#8221; video_autoplay=&#8221;true&#8221; video_controls=&#8221;true&#8221; video_mute=&#8221;true&#8221; css=&#8221;.vc_custom_1663258113102{margin-bottom: 60px !important;border-bottom-width: 0px !important;background-color: #363636 !important;}&#8221;][vc_column][vc_raw_html]JTVCc21hcnRzbGlkZXIzJTIwc2xpZGVyJTNEJTIyNCUyMiU1RA==[\/vc_raw_html][\/vc_column][\/vc_row][vc_row video_autoplay=&#8221;true&#8221; video_controls=&#8221;true&#8221; video_mute=&#8221;true&#8221; el_id=&#8221;second&#8221; css=&#8221;.vc_custom_1450008122198{padding-top: 35px !important;padding-bottom: 35px !important;}&#8221;][vc_column][vc_row_inner css=&#8221;.vc_custom_1427402977108{margin-bottom: 30px !important;}&#8221;][vc_column_inner width=&#8221;1\/4&#8243;][\/vc_column_inner][vc_column_inner width=&#8221;1\/4&#8243;][\/vc_column_inner][vc_column_inner width=&#8221;1\/4&#8243;][\/vc_column_inner][vc_column_inner width=&#8221;1\/4&#8243;][\/vc_column_inner][\/vc_row_inner][\/vc_column][\/vc_row][vc_row][vc_column][\/vc_column][\/vc_row][vc_row bg_predefined_color=&#8221;accent4&#8243; css=&#8221;.vc_custom_1458202148992{margin-bottom: 0px !important;padding-top: 65px !important;padding-bottom: 0px !important;background-color: #ffffff !important;}&#8221; video_autoplay=&#8221;true&#8221; video_controls=&#8221;true&#8221; video_mute=&#8221;true&#8221;][vc_column width=&#8221;1\/2&#8243; css=&#8221;.vc_custom_1458202100828{background-color: #ffffff !important;}&#8221;][vc_single_image image=&#8221;4363&#8243; css=&#8221;.vc_custom_1464778761782{margin-bottom: 0px !important;}&#8221;][\/vc_column][vc_column [&hellip;]<\/p>\n","protected":false},"author":1,"featured_media":0,"parent":0,"menu_order":0,"comment_status":"closed","ping_status":"closed","template":"","meta":{"footnotes":""},"_links":{"self":[{"href":"https:\/\/standartgraphic.com\/fr\/wp-json\/wp\/v2\/pages\/5001\/"}],"collection":[{"href":"https:\/\/standartgraphic.com\/fr\/wp-json\/wp\/v2\/pages\/"}],"about":[{"href":"https:\/\/standartgraphic.com\/fr\/wp-json\/wp\/v2\/types\/page\/"}],"author":[{"embeddable":true,"href":"https:\/\/standartgraphic.com\/fr\/wp-json\/wp\/v2\/users\/1\/"}],"replies":[{"embeddable":true,"href":"https:\/\/standartgraphic.com\/fr\/wp-json\/wp\/v2\/comments\/?post=5001"}],"version-history":[{"count":9,"href":"https:\/\/standartgraphic.com\/fr\/wp-json\/wp\/v2\/pages\/5001\/revisions\/"}],"predecessor-version":[{"id":6470,"href":"https:\/\/standartgraphic.com\/fr\/wp-json\/wp\/v2\/pages\/5001\/revisions\/6470\/"}],"wp:attachment":[{"href":"https:\/\/standartgraphic.com\/fr\/wp-json\/wp\/v2\/media\/?parent=5001"}],"curies":[{"name":"wp","href":"https:\/\/api.w.org\/{rel}","templated":true}]}}