{"id":5946,"date":"2021-01-28T09:07:55","date_gmt":"2021-01-28T08:07:55","guid":{"rendered":"http:\/\/www.standartdisplay.com\/?page_id=5946"},"modified":"2021-01-28T09:07:56","modified_gmt":"2021-01-28T08:07:56","slug":"politica-de-qualitat","status":"publish","type":"page","link":"https:\/\/standartgraphic.com\/en\/politica-de-qualitat\/","title":{"rendered":"POL\u00cdTICA DE QUALITAT"},"content":{"rendered":"\n<p>STAND ART DISPLAY, S.L., som una empresa especialitzada en el disseny i la fabricaci\u00f3 d\u2019expositors i punts de venda.<\/p>\n\n\n\n<p>El nostre equip, format per un grup de professionals amb m\u00e9s de 40 anys d\u2019experi\u00e8ncia en el sector, s\u2019encarrega de captar i transformar les necessitats del client en solucions que s\u2019adaptin funcionalment i econ\u00f2micament als seus requeriments.<\/p>\n\n\n\n<p>El nostre valor afegit \u00e9s la creativitat i originalitat de l\u2019element PLV per fer que el producte del client destaqui davant la compet\u00e8ncia en el punt de venda, i aconseguir aix\u00ed l\u2019objectiu final per a la seva marca: incrementar les vendes.<\/p>\n\n\n\n<p>Disposem de les qualificacions i els equips necessaris per a la realitzaci\u00f3 d&#8217;aquests serveis i treballem amb prove\u00efdors degudament homologats, aportant als nostres clients un servei d&#8217;alta qualitat i fiabilitat.<\/p>\n\n\n\n<p>La nostra Pol\u00edtica de Qualitat \u00e9s satisfer les necessitats i expectatives dels nostres clients, d&#8217;acord amb els requisits legals i reglamentaris aplicables. Per aix\u00f2 disposem d&#8217;un Sistema de Gesti\u00f3 de Qualitat, d&#8217;acord amb la norma UNE-EN-ISO 9001: 2015, amb l&#8217;objectiu de complir els compromisos seg\u00fcents:<\/p>\n\n\n\n<ul><li>Complir en tot moment amb els requisits dels clients.<\/li><li>Complir els requisits legals i reglamentaris aplicables a la nostra activitat.<\/li><li>Millorar la qualitat dels nostres serveis per aconseguir la seva m\u00e0xima satisfacci\u00f3.<\/li><li>Millorar de forma cont\u00ednua el sistema de gesti\u00f3 de qualitat.<\/li><li>Desenvolupar els programes de formaci\u00f3 cont\u00ednua per tal de millorar la qualificaci\u00f3 dels nostres treballadors, implicant aix\u00ed a tot el personal en la consecuci\u00f3 de tots els objectius establerts en el present document.<\/li><li>Procurar unes condicions de treball segures, desenvolupar la formaci\u00f3 necess\u00e0ria del personal i aconseguir un ambient de treball \u00f2ptim a l&#8217;empresa.<\/li><\/ul>\n\n\n\n<p>La Direcci\u00f3 vetlla per l&#8217;aplicaci\u00f3 i revisi\u00f3 d&#8217;aquesta Pol\u00edtica de qualitat i l\u2019assegura davant els clients, els empleats i altres parts interessades.<\/p>\n\n\n\n<p>La Pol\u00edtica es mant\u00e9 al dia mitjan\u00e7ant revisions peri\u00f2diques, tenint en compte els canvis en les condicions de l&#8217;entorn i la informaci\u00f3 rebuda. En aquest sentit la direcci\u00f3 proporciona i proporcionar\u00e0 tots els mitjans humans, t\u00e8cnics i econ\u00f2mics necessaris per complir els requisits de sistema de qualitat de l&#8217;empresa.<\/p>\n","protected":false},"excerpt":{"rendered":"<p>STAND ART DISPLAY, S.L., som una empresa especialitzada en el disseny i la fabricaci\u00f3 d\u2019expositors i punts de venda. El nostre equip, format per un grup de professionals amb m\u00e9s de 40 anys d\u2019experi\u00e8ncia en el sector, s\u2019encarrega de captar i transformar les necessitats del client en solucions que s\u2019adaptin [&hellip;]<\/p>\n","protected":false},"author":1,"featured_media":0,"parent":0,"menu_order":0,"comment_status":"closed","ping_status":"closed","template":"","meta":{"footnotes":""},"_links":{"self":[{"href":"https:\/\/standartgraphic.com\/en\/wp-json\/wp\/v2\/pages\/5946\/"}],"collection":[{"href":"https:\/\/standartgraphic.com\/en\/wp-json\/wp\/v2\/pages\/"}],"about":[{"href":"https:\/\/standartgraphic.com\/en\/wp-json\/wp\/v2\/types\/page\/"}],"author":[{"embeddable":true,"href":"https:\/\/standartgraphic.com\/en\/wp-json\/wp\/v2\/users\/1\/"}],"replies":[{"embeddable":true,"href":"https:\/\/standartgraphic.com\/en\/wp-json\/wp\/v2\/comments\/?post=5946"}],"version-history":[{"count":1,"href":"https:\/\/standartgraphic.com\/en\/wp-json\/wp\/v2\/pages\/5946\/revisions\/"}],"predecessor-version":[{"id":5947,"href":"https:\/\/standartgraphic.com\/en\/wp-json\/wp\/v2\/pages\/5946\/revisions\/5947\/"}],"wp:attachment":[{"href":"https:\/\/standartgraphic.com\/en\/wp-json\/wp\/v2\/media\/?parent=5946"}],"curies":[{"name":"wp","href":"https:\/\/api.w.org\/{rel}","templated":true}]}}