{"id":4619,"date":"2016-03-10T10:02:45","date_gmt":"2016-03-10T10:02:45","guid":{"rendered":"http:\/\/www.standartdisplay.com\/ca\/shop-in-shop\/"},"modified":"2016-07-19T08:33:45","modified_gmt":"2016-07-19T08:33:45","slug":"shop-in-shop","status":"publish","type":"page","link":"https:\/\/standartgraphic.com\/ca\/shop-in-shop\/","title":{"rendered":"Shop in shop"},"content":{"rendered":"<div class=\"wpb-content-wrapper\"><p>[vc_row][vc_column][vc_column_text]<\/p>\n<h2 style=\"text-align: center;\">Espais comercials, corners i botigues completes dissenyades ad-hoc<\/h2>\n<p>[\/vc_column_text][\/vc_column][\/vc_row][vc_row][vc_column][vc_separator][\/vc_column][\/vc_row][vc_row][vc_column][vc_gallery type=&#8221;flexslider_slide&#8221; interval=&#8221;5&#8243; images=&#8221;4433,4439,4443,4447,4451,4455,4459,4463&#8243; img_size=&#8221;full&#8221; onclick=&#8221;&#8221;][\/vc_column][\/vc_row][vc_row][vc_column][\/vc_column][\/vc_row][vc_row color_scheme=&#8221;white&#8221; bg_predefined_color=&#8221;accent3&#8243;][vc_column]<div class=\"vntd-cta vntd-cta-style-centered vntd-cta-color-dark vntd-bg-color-none\"><div class=\"inner\"><div class=\"inner-margin\"><div class=\"cta-left col-xs-8\"><h1 class=\"cta-title\">A Stand Art Display oferim el cicle complet: des del disseny i concepci\u00f3 de l&#039;espai comercial, la fabricaci\u00f3 i la implantaci\u00f3 o muntatge, tot amb el mateix interlocutor<\/h1><\/div><div class=\"cta-right col-xs-4\"><\/div><\/div><\/div><\/div>[\/vc_column][\/vc_row][vc_row][vc_column]<div class=\"vntd-cta vntd-cta-style- vntd-cta-color-dark vntd-bg-color-none cta-with-subtitle\"><div class=\"inner\"><div class=\"inner-margin\"><div class=\"cta-left col-xs-8\"><h1 class=\"cta-title\"><span class=\"heading-highlight color-accent\">Vol<\/span> rebre informaci\u00f3 de tot el que podem fer per la seva empresa?<\/h1><p class=\"cta-subtitle\">Contacti amb nosaltres<\/p><\/div><div class=\"cta-right col-xs-4\"><a href=\"https:\/\/standartgraphic.com\/ca\/contacte\/\" class=\"cta-button btn-style-default cta-button1 btn btn-larger btn-accent2\">CONTACTE<\/a><\/div><\/div><\/div><\/div>[\/vc_column][\/vc_row]<\/p>\n<\/div>","protected":false},"excerpt":{"rendered":"<p>[vc_row][vc_column][vc_column_text] Espais comercials, corners i botigues completes dissenyades ad-hoc [\/vc_column_text][\/vc_column][\/vc_row][vc_row][vc_column][vc_separator][\/vc_column][\/vc_row][vc_row][vc_column][vc_gallery type=&#8221;flexslider_slide&#8221; interval=&#8221;5&#8243; images=&#8221;4433,4439,4443,4447,4451,4455,4459,4463&#8243; img_size=&#8221;full&#8221; onclick=&#8221;&#8221;][\/vc_column][\/vc_row][vc_row][vc_column][\/vc_column][\/vc_row][vc_row color_scheme=&#8221;white&#8221; bg_predefined_color=&#8221;accent3&#8243;][vc_column][\/vc_column][\/vc_row][vc_row][vc_column][\/vc_column][\/vc_row]<\/p>\n","protected":false},"author":1,"featured_media":0,"parent":0,"menu_order":0,"comment_status":"closed","ping_status":"closed","template":"","meta":{"footnotes":""},"_links":{"self":[{"href":"https:\/\/standartgraphic.com\/ca\/wp-json\/wp\/v2\/pages\/4619\/"}],"collection":[{"href":"https:\/\/standartgraphic.com\/ca\/wp-json\/wp\/v2\/pages\/"}],"about":[{"href":"https:\/\/standartgraphic.com\/ca\/wp-json\/wp\/v2\/types\/page\/"}],"author":[{"embeddable":true,"href":"https:\/\/standartgraphic.com\/ca\/wp-json\/wp\/v2\/users\/1\/"}],"replies":[{"embeddable":true,"href":"https:\/\/standartgraphic.com\/ca\/wp-json\/wp\/v2\/comments\/?post=4619"}],"version-history":[{"count":2,"href":"https:\/\/standartgraphic.com\/ca\/wp-json\/wp\/v2\/pages\/4619\/revisions\/"}],"predecessor-version":[{"id":4621,"href":"https:\/\/standartgraphic.com\/ca\/wp-json\/wp\/v2\/pages\/4619\/revisions\/4621\/"}],"wp:attachment":[{"href":"https:\/\/standartgraphic.com\/ca\/wp-json\/wp\/v2\/media\/?parent=4619"}],"curies":[{"name":"wp","href":"https:\/\/api.w.org\/{rel}","templated":true}]}}