{"id":4600,"date":"2015-10-06T13:06:45","date_gmt":"2015-10-06T13:06:45","guid":{"rendered":"http:\/\/www.standartdisplay.com\/ca\/quienes-somos-2\/"},"modified":"2022-09-06T12:18:15","modified_gmt":"2022-09-06T10:18:15","slug":"qui-som","status":"publish","type":"page","link":"https:\/\/standartgraphic.com\/ca\/qui-som\/","title":{"rendered":"Qui som"},"content":{"rendered":"<div class=\"wpb-content-wrapper\"><p>[vc_row][vc_column width=&#8221;1\/2&#8243;][vc_column_text]<\/p>\n<h1>Qui som<\/h1>\n<p>L&#8217;equip de <strong>Stand Art Display<\/strong> est\u00e0 format per un grup de professionals amb un recorregut d&#8217;\u00e8xits de m\u00e9s de 40 anys en el disseny i fabricaci\u00f3 de material PLV.[\/vc_column_text][vc_tta_tabs][vc_tta_section title=&#8221;Empresa&#8221; tab_id=&#8221;1458223180445-25f46d23-e9e0&#8243;][vc_column_text]Confi\u00ef&#8217;ns els seus projectes, el nostre equip t\u00e8cnic &#8211; comercial ser\u00e0 l&#8217;encarregat de rebre i transmetre a partir del briefing les seves necessitats al nostre <strong>departament de disseny<\/strong> per presentar solucions que s&#8217;adaptin funcionalment i a nivell de costos als seus requeriments.<br \/>\nTot aix\u00f2 sense oblidar-nos del nostre valor afegit, la creativitat i originalitat de l&#8217;element PLV per fer que el seu producte destaqui davant la compet\u00e8ncia en el punt de venda, i junts aconseguim l&#8217;objectiu final per a la seva marca: <strong>incrementar les vendes<\/strong>.[\/vc_column_text][\/vc_tta_section][vc_tta_section title=&#8221;Disseny&#8221; tab_id=&#8221;1458223180515-20896b0d-c470&#8243;][vc_column_text]<strong>Per Stand Art Display cada projecte \u00e9s un nou repte professional.<\/strong><\/p>\n<p>Requereix estudiar les necessitats plantejades pel nostre client, i seleccionar aquells materials que conjuntament amb un disseny atractiu i funcional ens permetran obtenir el resultat que est\u00e0 en la seva ment.[\/vc_column_text][\/vc_tta_section][vc_tta_section title=&#8221;Producci\u00f3&#8221; tab_id=&#8221;1458223245960-25825e67-f905&#8243;][vc_column_text]Partint sempre del prototip aprovat pel client, un cop valorats tots els aspectes funcionals i de disseny, s&#8217;inicia la producci\u00f3 en s\u00e8rie tenint com a m\u00e0xima el control de qualitat en cadascun dels punts de control prefixats pel nostre departament de producci\u00f3, per aconseguir un producte final excel \u2022 lent, en el termini de lliurament comprom\u00e8s.<br \/>\n<em>Actualment Stand Art Display est\u00e0 en proc\u00e9s d&#8217;obtenci\u00f3 dels certificats de gesti\u00f3 de la qualitat ISO 9001.<\/em>[\/vc_column_text][\/vc_tta_section][vc_tta_section title=&#8221;Distribuci\u00f3&#8221; tab_id=&#8221;1458223286695-4214f8b1-183a&#8221;][vc_column_text]A <strong>Stand Art Display<\/strong>, som conscients de la import\u00e0ncia de donar valor afegit.<\/p>\n<p>\u00c9s per aix\u00f2 que gr\u00e0cies a un equip de col \u2022 laboradors som capa\u00e7os de realitzar la distribuci\u00f3 tant nacional com internacional de les produccions dels nostres clients, aix\u00ed com si cal el muntatge i implantaci\u00f3 en el propi punt de venda.[\/vc_column_text][\/vc_tta_section][\/vc_tta_tabs][\/vc_column][vc_column width=&#8221;1\/2&#8243;][vc_single_image image=&#8221;3790&#8243;][\/vc_column][\/vc_row][vc_row][vc_column width=&#8221;1\/3&#8243;][vc_single_image image=&#8221;6307&#8243; img_size=&#8221;medium&#8221; onclick=&#8221;custom_link&#8221; link=&#8221;https:\/\/standartgraphic.com\/wp-content\/uploads\/2021\/01\/CertificadoFSC_AEN-COC-000308_2020-07-28-1.pdf&#8221;][\/vc_column][vc_column width=&#8221;1\/3&#8243;][vc_single_image image=&#8221;5923&#8243; img_size=&#8221;medium&#8221; onclick=&#8221;custom_link&#8221; link=&#8221;https:\/\/standartgraphic.com\/politica-de-qualitat\/&#8221;][\/vc_column][vc_column width=&#8221;1\/3&#8243;][vc_single_image image=&#8221;6311&#8243; img_size=&#8221;medium&#8221; onclick=&#8221;custom_link&#8221; img_link_target=&#8221;_blank&#8221; link=&#8221;https:\/\/standartgraphic.com\/wp-content\/uploads\/2021\/02\/CERTIF-ISO-9001.jpg&#8221;][\/vc_column][\/vc_row][vc_row color_scheme=&#8221;white&#8221; bg_predefined_color=&#8221;accent3&#8243;][vc_column]<div class=\"vntd-cta vntd-cta-style- vntd-cta-color-dark vntd-bg-color-none\"><div class=\"inner\"><div class=\"inner-margin\"><div class=\"cta-left col-xs-8\"><h1 class=\"cta-title\">Confi\u00efn&#039;s els seus projectes<\/h1><\/div><div class=\"cta-right col-xs-4\"><\/div><\/div><\/div><\/div>[\/vc_column][\/vc_row][vc_row bg_predefined_color=&#8221;accent4&#8243; css=&#8221;.vc_custom_1450008590442{padding-top: 80px !important;padding-bottom: 80px !important;}&#8221;][vc_column]<div class=\"vntd-special-heading special-heading-align-center\" style=\"margin-bottom:40px;\"><h1 class=\" animated\"  data-animation=\"fadeIn\" data-animation-delay=\"100\">Com treballem<\/h1><\/div>[vc_row_inner css=&#8221;.vc_custom_1444223522072{margin-bottom: 5px !important;}&#8221;][vc_column_inner width=&#8221;1\/4&#8243;]<div class=\"vntd-icon-box icon-box-big-centered-icon animated box icon-box-hover\" data-animation=\"fadeIn\" data-animation-delay=\"100\"><div class=\"icon-box-icon\"><i class=\"fa fa-bolt\"><\/i><\/div><div class=\"icon-box-content\"><h3 class=\"icon-box-title\">Briefing<\/h3><p class=\"icon-description\">El concepte<\/p><\/div><\/div>[\/vc_column_inner][vc_column_inner width=&#8221;1\/4&#8243;]<div class=\"vntd-icon-box icon-box-big-centered-icon animated box icon-box-hover\" data-animation=\"fadeIn\" data-animation-delay=\"100\"><div class=\"icon-box-icon\"><i class=\"fa fa-pencil\"><\/i><\/div><div class=\"icon-box-content\"><h3 class=\"icon-box-title\">Disseny<\/h3><p class=\"icon-description\">La idea<\/p><\/div><\/div>[\/vc_column_inner][vc_column_inner width=&#8221;1\/4&#8243;]<div class=\"vntd-icon-box icon-box-big-centered-icon animated box icon-box-hover\" data-animation=\"fadeIn\" data-animation-delay=\"100\"><div class=\"icon-box-icon\"><i class=\"fa fa-cogs\"><\/i><\/div><div class=\"icon-box-content\"><h3 class=\"icon-box-title\">Producci\u00f3<\/h3><p class=\"icon-description\">La realitat<\/p><\/div><\/div>[\/vc_column_inner][vc_column_inner width=&#8221;1\/4&#8243;]<div class=\"vntd-icon-box icon-box-big-centered-icon animated box icon-box-hover\" data-animation=\"fadeIn\" data-animation-delay=\"100\"><div class=\"icon-box-icon\"><i class=\"fa fa-check\"><\/i><\/div><div class=\"icon-box-content\"><h3 class=\"icon-box-title\">Distribuci\u00f3<\/h3><p class=\"icon-description\"><\/p><\/div><\/div>[\/vc_column_inner][\/vc_row_inner][\/vc_column][\/vc_row][vc_row][vc_column]<div class=\"vntd-cta vntd-cta-style- vntd-cta-color-dark vntd-bg-color-none cta-with-subtitle\"><div class=\"inner\"><div class=\"inner-margin\"><div class=\"cta-left col-xs-8\"><h1 class=\"cta-title\"><span class=\"heading-highlight color-accent\">Vol<\/span> rebre informaci\u00f3 de tot el que podem fer per la seva empresa?<\/h1><p class=\"cta-subtitle\">Contacti amb nosaltres<\/p><\/div><div class=\"cta-right col-xs-4\"><a href=\"https:\/\/standartgraphic.com\/ca\/contacte\/\" class=\"cta-button btn-style-default cta-button1 btn btn-larger btn-accent2\">CONTACTE<\/a><\/div><\/div><\/div><\/div>[\/vc_column][\/vc_row]<\/p>\n<\/div>","protected":false},"excerpt":{"rendered":"<p>[vc_row][vc_column width=&#8221;1\/2&#8243;][vc_column_text] Qui som L&#8217;equip de Stand Art Display est\u00e0 format per un grup de professionals amb un recorregut d&#8217;\u00e8xits de m\u00e9s de 40 anys en el disseny i fabricaci\u00f3 de material PLV.[\/vc_column_text][vc_tta_tabs][vc_tta_section title=&#8221;Empresa&#8221; tab_id=&#8221;1458223180445-25f46d23-e9e0&#8243;][vc_column_text]Confi\u00ef&#8217;ns els seus projectes, el nostre equip t\u00e8cnic &#8211; comercial ser\u00e0 l&#8217;encarregat de rebre i transmetre [&hellip;]<\/p>\n","protected":false},"author":1,"featured_media":0,"parent":0,"menu_order":0,"comment_status":"closed","ping_status":"closed","template":"","meta":{"footnotes":""},"_links":{"self":[{"href":"https:\/\/standartgraphic.com\/ca\/wp-json\/wp\/v2\/pages\/4600\/"}],"collection":[{"href":"https:\/\/standartgraphic.com\/ca\/wp-json\/wp\/v2\/pages\/"}],"about":[{"href":"https:\/\/standartgraphic.com\/ca\/wp-json\/wp\/v2\/types\/page\/"}],"author":[{"embeddable":true,"href":"https:\/\/standartgraphic.com\/ca\/wp-json\/wp\/v2\/users\/1\/"}],"replies":[{"embeddable":true,"href":"https:\/\/standartgraphic.com\/ca\/wp-json\/wp\/v2\/comments\/?post=4600"}],"version-history":[{"count":8,"href":"https:\/\/standartgraphic.com\/ca\/wp-json\/wp\/v2\/pages\/4600\/revisions\/"}],"predecessor-version":[{"id":6318,"href":"https:\/\/standartgraphic.com\/ca\/wp-json\/wp\/v2\/pages\/4600\/revisions\/6318\/"}],"wp:attachment":[{"href":"https:\/\/standartgraphic.com\/ca\/wp-json\/wp\/v2\/media\/?parent=4600"}],"curies":[{"name":"wp","href":"https:\/\/api.w.org\/{rel}","templated":true}]}}